{"id":29,"date":"2013-08-19T14:11:14","date_gmt":"2013-08-19T12:11:14","guid":{"rendered":"http:\/\/www.werb-welter.de\/wordpress\/?page_id=29"},"modified":"2022-11-14T14:30:13","modified_gmt":"2022-11-14T12:30:13","slug":"startseite-bearbeiten-nicht-noetig","status":"publish","type":"page","link":"https:\/\/www.werb-welter.de\/wordpress\/","title":{"rendered":"Angelika C. Werb-Welter<br>Rechtsanw\u00e4ltin \u00b7 Diplom \u00d6konomin"},"content":{"rendered":"\n<p>Herzlich willkommen bei der Rechtsanwaltskanzlei Angelika Werb-Welter, Ihrer Kanzlei f\u00fcr mittelst\u00e4ndische Unternehmen, Arbeits- und Baurecht. Die Kanzlei ber\u00e4t die Mandanten au\u00dfergerichtlich und vertritt sie gerichtlich in vielen <a href=\"http:\/\/www.werb-welter.de\/wordpress\/taetigkeitsbereiche\/\" data-type=\"page\" data-id=\"21\">T\u00e4tigkeitsbereichen<\/a><a href=\"http:\/\/www.werb-welter.de\/wordpress\/ww-klon\/?page_id=21\">.<\/a> <\/p>\n","protected":false},"excerpt":{"rendered":"<p>Herzlich willkommen bei der Rechtsanwaltskanzlei Angelika Werb-Welter, Ihrer Kanzlei f\u00fcr mittelst\u00e4ndische Unternehmen, Arbeits- und Baurecht. Die Kanzlei ber\u00e4t die Mandanten au\u00dfergerichtlich und vertritt sie gerichtlich in vielen T\u00e4tigkeitsbereichen.<\/p>\n","protected":false},"author":1,"featured_media":0,"parent":0,"menu_order":0,"comment_status":"closed","ping_status":"closed","template":"page-start.php","meta":[],"_links":{"self":[{"href":"https:\/\/www.werb-welter.de\/wordpress\/wp-json\/wp\/v2\/pages\/29"}],"collection":[{"href":"https:\/\/www.werb-welter.de\/wordpress\/wp-json\/wp\/v2\/pages"}],"about":[{"href":"https:\/\/www.werb-welter.de\/wordpress\/wp-json\/wp\/v2\/types\/page"}],"author":[{"embeddable":true,"href":"https:\/\/www.werb-welter.de\/wordpress\/wp-json\/wp\/v2\/users\/1"}],"replies":[{"embeddable":true,"href":"https:\/\/www.werb-welter.de\/wordpress\/wp-json\/wp\/v2\/comments?post=29"}],"version-history":[{"count":4,"href":"https:\/\/www.werb-welter.de\/wordpress\/wp-json\/wp\/v2\/pages\/29\/revisions"}],"predecessor-version":[{"id":131,"href":"https:\/\/www.werb-welter.de\/wordpress\/wp-json\/wp\/v2\/pages\/29\/revisions\/131"}],"wp:attachment":[{"href":"https:\/\/www.werb-welter.de\/wordpress\/wp-json\/wp\/v2\/media?parent=29"}],"curies":[{"name":"wp","href":"https:\/\/api.w.org\/{rel}","templated":true}]}}