{"id":25,"date":"2013-08-19T14:04:22","date_gmt":"2013-08-19T12:04:22","guid":{"rendered":"http:\/\/www.werb-welter.de\/wordpress\/?page_id=25"},"modified":"2021-05-15T09:52:18","modified_gmt":"2021-05-15T07:52:18","slug":"impressum","status":"publish","type":"page","link":"https:\/\/www.werb-welter.de\/wordpress\/impressum\/","title":{"rendered":"Impressum\/Datenschutz"},"content":{"rendered":"<p>Impressum erforderlich nach \u00a7 5 n. F. Telemediengesetz (TMG) aufgrund des Gesetzes \u00fcber rechtliche Rahmenbedingungen f\u00fcr den elektronischen Gesch\u00e4ftsverkehr.<\/p>\n<p><strong>Es gelten folgende Geb\u00fchren- und Berufsordnungen f\u00fcr anwaltliche T\u00e4tigkeiten:<\/strong><br \/>\nwww.brak.de -&gt; Berufsrecht<\/p>\n<p><strong><br \/>\nName des Diensteanbieters<\/strong> (\u00a7 5 Nr.1 TMG) \/ Inhaber der Homepage<br \/>\nAngelika C. Werb-Welter<br \/>\nUlmer Landstr. 249<br \/>\n86391 Stadtbergen<\/p>\n<p><strong><br \/>\nKontaktdaten<\/strong> (\u00a7 5 Nr. 2 TMG)<br \/>\nTel: 49 (0) 821 \/ 44 42 44-0<br \/>\nFax: 49 (0) 821 \/ 44 42 44-2<br \/>\nE-Mail: kontakt@werb-welter.de<br \/>\n<strong>\u00a0 <\/strong><\/p>\n<p><strong>Angabe der Kammer<\/strong> (\u00a7 5 Nr. 5a TMG)<br \/>\nRechtsanwaltskammer f\u00fcr den Oberlandesgerichtsbezirk M\u00fcnchen<br \/>\nTal 33<br \/>\n80331 M\u00fcnchen<\/p>\n<p><strong><br \/>\nBerufsbezeichnung<\/strong> (\u00a7 5 Nr. 5b TMG)<br \/>\nRechtsanw\u00e4ltin<\/p>\n<p><strong><br \/>\nStaat der Verleihung<\/strong><br \/>\nBundesrepublik Deutschland<\/p>\n<p><strong><br \/>\nBerufshaftpflichtversicherung <\/strong><br \/>\nHDI-Gerling Firmen und Privat Versicherungs AG<br \/>\nBetrieb Standort N\u00fcrnberg<br \/>\nPostfach 25 03 09<br \/>\n90128 N\u00fcrnberg<\/p>\n<p><strong><br \/>\nR\u00e4umlicher Geltungsbereich<\/strong><br \/>\nIm gesamten EU-Gebiet und den Staaten des Abkommens \u00fcber den Europ\u00e4ischen Wirtschaftsraum.<\/p>\n<p><strong><br \/>\nAu\u00dfergerichtliche Streitschlichtung<\/strong><br \/>\nBei Streitigkeiten zwischen Rechtsanw\u00e4lten und ihren Auftraggebern besteht auf Antrag die M\u00f6glichkeit der au\u00dfergerichtlichen Streitschlichtung bei der regionalen Rechtsanwaltskammer f\u00fcr den Oberlandesgerichtsbezirk M\u00fcnchen (gem\u00e4\u00df \u00a7 73 Abs. 2 Nr. 3 i.V.m. \u00a7 73 Abs. 5 BRAO) oder bei der Schlichtungsstelle der Rechtsanwaltschaft (\u00a7 191f BRAO) bei der Bundesrechtsanwaltskammer, im Internet zu finden \u00fcber die Homepage der Bundesrechtsanwaltskammer (www.brak.de),\u00a0 E-Mail: schlichtungsstelle@brak.de.<\/p>\n<p><strong><br \/>\nBerufsrechtliche Regelungen<\/strong><\/p>\n<p>Es gelten die folgenden berufsrechtlichen Regelungen:<\/p>\n<ul>\n<li>Bundesrechtsanwaltsordnung (BRAO),<\/li>\n<li>Berufsordnung (BORA),<\/li>\n<li>Fachanwaltsordnung (FAO)<\/li>\n<li>Rechtsanwaltsverg\u00fctungsgesetz (RVG)<\/li>\n<li>Berufsregeln der Rechtsanw\u00e4lte der Europ\u00e4ischen Union (CCBE)<\/li>\n<\/ul>\n<p>Die berufsrechtlichen Regelungen k\u00f6nnen \u00fcber die Homepage der Bundesrechtsanwaltskammer (www.brak.de) in der Rubrik \u201eBerufsrecht\u201c auf Deutsch und Englisch eingesehen und abgerufen werden.<\/p>\n<p><strong>Datenschutzerkl\u00e4rung<\/strong><\/p>\n<p>Verantwortlicher im Sinne der Datenschutz-Grundverordnung, sonstiger in den Mitgliedstaaten der Europaischen Union geltenden Datenschutzgesetze und anderer Bestimmungen mit datenschutzrechtlichem Charakter ist die Rechtsanwaltskanzlei:<\/p>\n<p>Rechtsanwaltskanzlei Angelika C. Werb-Welter<br \/>\nUlmer Landstr. 249<br \/>\n86391 Stadtbergen<br \/>\nTelefon 0821-4442440<br \/>\nTelefax: 0821-4442442<br \/>\nE-Mail: kontakt@werb-welter.de<br \/>\nWebseite: werb-welter.de<\/p>\n<p><strong>1. Erhebung und Speicherung personenbezogener Daten sowie Art und Zweck von deren Verwendung <\/strong><\/p>\n<p><em>Beim Besuch der Website: <\/em><br \/>\nBeim Aufrufen unserer Website werden durch den auf Ihrem Endgerat zum Einsatz kommenden Browser automatisch Informationen an den Server unserer Website gesendet. Diese Informationen werden temporar in einem sog. Logfile gespeichert. Folgende Informationen werden dabei ohne Ihr Zutun erfasst und bis zur automatisierten L\u00f6schung gespeichert:<\/p>\n<ul>\n<li>IP-Adresse des anfragenden Rechners<\/li>\n<li>Datum und Uhrzeit des Zugriffs<\/li>\n<li>Name und URL der abgerufenen Datei<\/li>\n<li>Website, von der aus der Zugriff erfolgt (Referrer-URL)<\/li>\n<li>verwendeter Browser<\/li>\n<li>ggf. das Betriebssystem Ihres Rechners<\/li>\n<li>der Name Ihres Access-Providers.<\/li>\n<\/ul>\n<p>Die genannten Daten werden durch uns zu folgenden Zwecken verarbeitet: Gew\u00e4hrleistung eines reibungslosen Verbindungsaufbaus der Website, Gew\u00e4hrleistung einer komfortablen Nutzung unserer Website, Auswertung der Systemsicherheit und -stabilitat sowie zu weiteren administrativen Zwecken. Die Rechtsgrundlage f\u00fcr die Datenverarbeitung ist Art. 6 Abs. 1 S. 1 lit. f DSGVO. Unser berechtigtes Interesse folgt aus oben aufgelisteten Zwecken zur Datenerhebung. In keinem Fall verwenden wir die erhobenen Daten zu dem Zweck, R\u00fcckschl\u00fcsse auf Ihre Person zu ziehen.<\/p>\n<p><strong>2. Weitergabe von Daten<\/strong><\/p>\n<p>Eine \u00dcbermittlung Ihrer pers\u00f6nlichen Daten an Dritte zu anderen als den im Folgenden aufgefuhrten Zwecken findet nicht statt. Wir geben Ihre pers\u00f6nlichen Daten nur an Dritte weiter, wenn:<\/p>\n<ul>\n<li>Sie Ihre nach Art. 6 Abs. 1 S. 1 lit. a DSGVO ausdr\u00fcckliche Einwilligung dazu erteilt haben<\/li>\n<li>die Weitergabe nach Art. 6 Abs. 1 S. 1 lit. f DSGVO zur Geltendmachung, Ausubung oder Verteidigung von Rechtsanspruchen erforderlich ist und kein Grund zur Annahme besteht, dass Sie ein \u00fcberwiegendes schutzwurdiges Interesse an der Nichtweitergabe Ihrer Daten haben<\/li>\n<li>f\u00fcr den Fall, dass fur die Weitergabe nach Art. 6 Abs. 1 S. 1 lit. c DSGVO eine gesetzliche Verpflichtung besteht, sowie<\/li>\n<li>dies gesetzlich zul\u00e4ssig und nach Art. 6 Abs. 1 S. 1 lit. b DSGVO fur die Abwicklung von Vertragsverh\u00e4ltnissen mit Ihnen erforderlich ist<\/li>\n<\/ul>\n<p><strong>3. Betroffenenrechte<\/strong><\/p>\n<p>Sie haben das Recht<\/p>\n<ul>\n<li>gem\u00e4\u00df Art. 15 DSGVO Auskunft uber Ihre von uns verarbeiteten personenbezogenen Daten zu verlangen. Insbesondere konnen Sie Auskunft \u00fcber die Verarbeitungszwecke, die Kategorie der personenbezogenen Daten, die Kategorien von Empfangern, gegen\u00fcber denen Ihre Daten offengelegt wurden oder werden, die geplante Speicherdauer, das Bestehen eines Rechts auf Berichtigung, L\u00f6schung, Einschr\u00e4nkung der Verarbeitung oder Widerspruch, das Bestehen eines Beschwerderechts, die Herkunft ihrer Daten, sofern diese nicht bei uns erhoben wurden, sowie \u00fcber das Bestehen einer automatisierten Entscheidungsfindung einschlie\u00dflich Profiling und ggf. aussagekraftigen Informationen zu deren Einzelheiten verlangen;<\/li>\n<li>gem\u00e4\u00df Art. 16 DSGVO unverzuglich die Berichtigung unrichtiger oder Vervollstandigung Ihrer bei uns gespeicherten personenbezogenen Daten zu verlangen;<\/li>\n<li>gem\u00e4\u00df Art. 17 DSGVO die L\u00f6schung Ihrer bei uns gespeicherten personenbezogenen Daten zu verlangen, soweit\u00a0 icht die Verarbeitung zur Ausubung des Rechts auf freie Meinungsau\u00dferung und Information, zur<br \/>\nErf\u00fcllung einer rechtlichen Verpflichtung, aus Gr\u00fcnden des offentlichen Interesses oder zur Geltendmachung, Ausubung oder Verteidigung von Rechtsanspruchen erforderlich ist;<\/li>\n<li>gem\u00e4\u00df Art. 18 DSGVO die Einschr\u00e4nkung der Verarbeitung Ihrer personenbezogenen Daten zu verlangen, soweit die Richtigkeit der Daten von Ihnen bestritten wird, die Verarbeitung unrechtm\u00e4\u00dfig ist, Sie aber deren L\u00f6schung ablehnen und wir die Daten nicht mehr ben\u00f6tigen, Sie jedoch diese zur Geltendmachung, Aus\u00fcbung oder Verteidigung von Rechtsanspruchen benotigen oder Sie gema\u00df Art. 21 DSGVO Widerspruch gegen die Verarbeitung eingelegt haben;<\/li>\n<li>gem\u00e4\u00df Art. 20 DSGVO Ihre personenbezogenen Daten, die Sie uns bereitgestellt haben, in einem strukturierten, g\u00e4ngigen und maschinenlesebaren Format zu erhalten oder die \u00dcbermittlung an einen anderen Verantwortlichen zu verlangen;<\/li>\n<li>gem\u00e4\u00df Art. 7 Abs. 3 DSGVO Ihre einmal erteilte Einwilligung jederzeit gegen\u00fcber uns zu widerrufen. Dies hat zur Folge, dass wir die Datenverarbeitung, die auf dieser Einwilligung beruhte, f\u00fcr die Zukunft nicht mehr fortf\u00fchren d\u00fcrfen und<\/li>\n<li>gem\u00e4\u00df Art. 77 DSGVO sich bei einer Aufsichtsbehorde zu beschweren. In der Regel konnen Sie sich hierfur an die Aufsichtsbeh\u00f6rde Ihres \u00fcblichen Aufenthaltsortes oder Arbeitsplatzes oder unseres Kanzleisitzes wenden<\/li>\n<li>gem\u00e4\u00df \u00a0Art. 21 DSGVO Widerspruch gegen die Verarbeitung Ihrer personenbezogenen Daten einzulegen, soweit dafur Grunde vorliegen, die sich aus Ihrer besonderen Situation ergeben oder sich der Widerspruch gegen Direktwerbung richtet. Im letzteren Fall haben Sie ein generelles Widerspruchsrecht, das ohne Angabe einer besonderen Situation von uns umgesetzt wird. Sie haben die Moglichkeit, den Widerspruch telefonisch, per E-Mail, per Telefax oder an unsere zu Beginn dieser Datenschutzerkl\u00e4rung aufgef\u00fchrte Postadresse unserer Kanzlei formlos mitzuteilen.<\/li>\n<\/ul>\n<p><strong>4. Stand und Aktualisierung dieser Datenschutzerkl\u00e4rung<\/strong><\/p>\n<p>Diese Datenschutzerkl\u00e4rung hat den Stand vom 29.05.2018. Wir behalten uns vor, die Datenschutzerkl\u00e4rung zu gegebener Zeit zu aktualisieren, um den Datenschutz zu verbessern und\/oder anzupassen.<\/p>\n","protected":false},"excerpt":{"rendered":"<p>Impressum erforderlich nach \u00a7 5 n. F. Telemediengesetz (TMG) aufgrund des Gesetzes \u00fcber rechtliche Rahmenbedingungen f\u00fcr den elektronischen Gesch\u00e4ftsverkehr. Es gelten folgende Geb\u00fchren- und Berufsordnungen f\u00fcr anwaltliche T\u00e4tigkeiten: www.brak.de -&gt; Berufsrecht Name des Diensteanbieters (\u00a7 5 Nr.1 TMG) \/ Inhaber der Homepage Angelika C. Werb-Welter Ulmer Landstr. 249 86391 Stadtbergen Kontaktdaten (\u00a7 5 Nr. 2 &hellip; <a href=\"https:\/\/www.werb-welter.de\/wordpress\/impressum\/\" class=\"more-link\"><span class=\"screen-reader-text\">\u201eImpressum\/Datenschutz\u201c<\/span> weiterlesen<\/a><\/p>\n","protected":false},"author":1,"featured_media":0,"parent":0,"menu_order":5,"comment_status":"closed","ping_status":"closed","template":"","meta":[],"_links":{"self":[{"href":"https:\/\/www.werb-welter.de\/wordpress\/wp-json\/wp\/v2\/pages\/25"}],"collection":[{"href":"https:\/\/www.werb-welter.de\/wordpress\/wp-json\/wp\/v2\/pages"}],"about":[{"href":"https:\/\/www.werb-welter.de\/wordpress\/wp-json\/wp\/v2\/types\/page"}],"author":[{"embeddable":true,"href":"https:\/\/www.werb-welter.de\/wordpress\/wp-json\/wp\/v2\/users\/1"}],"replies":[{"embeddable":true,"href":"https:\/\/www.werb-welter.de\/wordpress\/wp-json\/wp\/v2\/comments?post=25"}],"version-history":[{"count":10,"href":"https:\/\/www.werb-welter.de\/wordpress\/wp-json\/wp\/v2\/pages\/25\/revisions"}],"predecessor-version":[{"id":101,"href":"https:\/\/www.werb-welter.de\/wordpress\/wp-json\/wp\/v2\/pages\/25\/revisions\/101"}],"wp:attachment":[{"href":"https:\/\/www.werb-welter.de\/wordpress\/wp-json\/wp\/v2\/media?parent=25"}],"curies":[{"name":"wp","href":"https:\/\/api.w.org\/{rel}","templated":true}]}}