{"id":21,"date":"2013-08-19T13:58:22","date_gmt":"2013-08-19T11:58:22","guid":{"rendered":"http:\/\/www.werb-welter.de\/wordpress\/?page_id=21"},"modified":"2021-05-24T14:11:37","modified_gmt":"2021-05-24T12:11:37","slug":"taetigkeitsbereiche","status":"publish","type":"page","link":"https:\/\/www.werb-welter.de\/wordpress\/taetigkeitsbereiche\/","title":{"rendered":"T\u00e4tigkeitsbereiche"},"content":{"rendered":"<p>Die Kanzlei ber\u00e4t die Mandanten au\u00dfergerichtlich und vertritt sie gerichtlich in folgenden T\u00e4tigkeitsbereichen:<\/p>\n<p><strong>Wirtschaftsrecht<br \/>\n<\/strong><br \/>\n<em>Vertragsrecht<\/em><\/p>\n<ul>\n<li>Entwurf und \u00dcberpr\u00fcfung von Vertr\u00e4gen<\/li>\n<li>Entwurf und \u00dcberpr\u00fcfung von AGB<\/li>\n<\/ul>\n<p><em>Gesellschaftsrecht<\/em><\/p>\n<ul>\n<li>Wahl der Rechtsform, Gesellschafterstreitigkeiten<\/li>\n<\/ul>\n<p><em>Internetrecht<\/em><\/p>\n<ul>\n<li>Beratung und rechtliche \u00dcberpr\u00fcfung von Internetseiten und Internetvertr\u00e4gen<\/li>\n<li>Marken- und Urheberrecht<\/li>\n<li>E-Commerce und Online-Recht<\/li>\n<li>Domainrecht<\/li>\n<\/ul>\n<p><em>Urheberrecht<\/em><\/p>\n<ul>\n<li>Lizenz- und Nutzungsrechte, Abmahnungen<\/li>\n<\/ul>\n<p><em>Wettbewerbsrecht<\/em><\/p>\n<ul>\n<li>Beratung und \u00dcberpr\u00fcfung von Werbekonzepten<\/li>\n<li>Schutz vor Abmahnungen, einstweiligen Verf\u00fcgungen<\/li>\n<\/ul>\n<p><em>Handels- und Franchiserecht<\/em><\/p>\n<ul>\n<li>\u00dcberpr\u00fcfung und Gestaltung von Vertr\u00e4gen<\/li>\n<\/ul>\n<p><em>Insolvenzrecht<\/em><\/p>\n<ul>\n<li>Beratung und Vertretung des Schuldners in der Insolvenz<\/li>\n<li>Vertretung von Gl\u00e4ubigerrechten<\/li>\n<\/ul>\n<p><strong>Arbeitsrecht<\/strong><\/p>\n<ul>\n<li>Vertretung vor den Arbeitsgerichten<\/li>\n<li>Gestaltung und \u00dcberpr\u00fcfung von Arbeits- und Gesch\u00e4ftsf\u00fchrerdienstvertr\u00e4gen<\/li>\n<li>Beratung und Vertretung bei K\u00fcndigungen, Aufhebungs- und Abwicklungsvertr\u00e4gen, Abmahnungen, K\u00fcndigungsschutz<\/li>\n<li>Beratung und Gestaltung von Arbeitszeugnissen<\/li>\n<li>Information und Beratung zur jeweiligen aktuellen Gesetzeslage<\/li>\n<\/ul>\n<p><strong>Bau- und Immobilienrecht<\/strong><\/p>\n<p><em>privates Baurecht<\/em><\/p>\n<ul>\n<li>Beratung und Vertretung bei Streitigkeiten aus Bauvertr\u00e4gen und M\u00e4ngelrechten<\/li>\n<\/ul>\n<p><em>Architekten und Architektenhonorarrecht<\/em><\/p>\n<ul>\n<li>Gestaltung von Architektenvertr\u00e4gen und Vertretung bei Honorarstreitigkeiten<\/li>\n<\/ul>\n<p><em>Grundst\u00fccksrecht<\/em><\/p>\n<ul>\n<li>Beratung und Vertretung in allen Fragen des Immobilienkaufrechts einschlie\u00dflich Finanzierungsfragen<\/li>\n<\/ul>\n<p><em>Wohnungseigentumsrecht<\/em><\/p>\n<ul>\n<li>Beratung und Vertretung bei Auseinandersetzungen der Wohnungseigent\u00fcmer, Auslegung der Teilungserkl\u00e4rung<\/li>\n<\/ul>\n<p><em>Miet- und Pachtrecht<\/em><\/p>\n<ul>\n<li>Streitigkeiten zwischen Vermieter und Mieter aus bestehenden Miet- und Pachtverh\u00e4ltnissen, Beendigung der Miet- und Pachtverh\u00e4ltnisse, Abwicklung, R\u00e4umung<\/li>\n<\/ul>\n","protected":false},"excerpt":{"rendered":"<p>Die Kanzlei ber\u00e4t die Mandanten au\u00dfergerichtlich und vertritt sie gerichtlich in folgenden T\u00e4tigkeitsbereichen: Wirtschaftsrecht Vertragsrecht Entwurf und \u00dcberpr\u00fcfung von Vertr\u00e4gen Entwurf und \u00dcberpr\u00fcfung von AGB Gesellschaftsrecht Wahl der Rechtsform, Gesellschafterstreitigkeiten Internetrecht Beratung und rechtliche \u00dcberpr\u00fcfung von Internetseiten und Internetvertr\u00e4gen Marken- und Urheberrecht E-Commerce und Online-Recht Domainrecht Urheberrecht Lizenz- und Nutzungsrechte, Abmahnungen Wettbewerbsrecht Beratung und \u00dcberpr\u00fcfung &hellip; <a href=\"https:\/\/www.werb-welter.de\/wordpress\/taetigkeitsbereiche\/\" class=\"more-link\"><span class=\"screen-reader-text\">\u201eT\u00e4tigkeitsbereiche\u201c<\/span> weiterlesen<\/a><\/p>\n","protected":false},"author":1,"featured_media":0,"parent":0,"menu_order":4,"comment_status":"closed","ping_status":"closed","template":"page-header3.php","meta":[],"_links":{"self":[{"href":"https:\/\/www.werb-welter.de\/wordpress\/wp-json\/wp\/v2\/pages\/21"}],"collection":[{"href":"https:\/\/www.werb-welter.de\/wordpress\/wp-json\/wp\/v2\/pages"}],"about":[{"href":"https:\/\/www.werb-welter.de\/wordpress\/wp-json\/wp\/v2\/types\/page"}],"author":[{"embeddable":true,"href":"https:\/\/www.werb-welter.de\/wordpress\/wp-json\/wp\/v2\/users\/1"}],"replies":[{"embeddable":true,"href":"https:\/\/www.werb-welter.de\/wordpress\/wp-json\/wp\/v2\/comments?post=21"}],"version-history":[{"count":5,"href":"https:\/\/www.werb-welter.de\/wordpress\/wp-json\/wp\/v2\/pages\/21\/revisions"}],"predecessor-version":[{"id":105,"href":"https:\/\/www.werb-welter.de\/wordpress\/wp-json\/wp\/v2\/pages\/21\/revisions\/105"}],"wp:attachment":[{"href":"https:\/\/www.werb-welter.de\/wordpress\/wp-json\/wp\/v2\/media?parent=21"}],"curies":[{"name":"wp","href":"https:\/\/api.w.org\/{rel}","templated":true}]}}