{"id":14,"date":"2013-08-19T13:44:46","date_gmt":"2013-08-19T11:44:46","guid":{"rendered":"http:\/\/www.werb-welter.de\/wordpress\/?page_id=14"},"modified":"2013-08-21T14:34:43","modified_gmt":"2013-08-21T12:34:43","slug":"kanzleiprofil","status":"publish","type":"page","link":"http:\/\/www.werb-welter.de\/wordpress\/kanzleiprofil\/","title":{"rendered":"Kanzleiprofil"},"content":{"rendered":"<p>Als moderne Kanzlei mit wirtschaftsrechtlichem Schwerpunkt beraten und vertreten wir mittelst\u00e4ndische Unternehmen, Selbst\u00e4ndige und wirtschaftlich aktive Privatpersonen in allen Fragen des Wirtschaftsrechts, Arbeitsrechts sowie Bau- und Immobilienrechts.<\/p>\n<p>Wir beraten und begleiten unsere Mandanten von der Existenzgr\u00fcndung an in allen Belangen ihres wirtschaftlichen Lebens.<\/p>\n<p>Da das Wirtschaftsrecht sehr umfangreich ist, liegen unsere Schwerpunkte in den f\u00fcr unsere Mandanten relevanten Rechtsgebieten. Auf Grund dieser Spezialisierung und der fortlaufenden Erweiterung und Anwendung unseres spezifischen Fachwissens sind wir in der Lage, unseren Mandanten die qualitativ beste Arbeit zu liefern, um f\u00fcr sie den maximalen Nutzen zu erreichen.<\/p>\n<p>Bei Bedarf ziehen wir daher &#8211; in Abstimmung mit dem Mandanten &#8211; weitere Experten wie Steuerberater, Wirtschaftspr\u00fcfer oder Sachverst\u00e4ndige hinzu.<\/p>\n<p>Als dienstleistungsorientierte Kanzlei legen wir gro\u00dfen Wert auf die pers\u00f6nliche Beratung und zeitnahe Bearbeitung der Mandate. Dabei sind f\u00fcr uns die direkte Ansprache und die kontinuierliche Information unserer Mandanten selbstverst\u00e4ndlich. Aufgrund unserer transparenten und flexiblen Honorargestaltung sind Sie in der Lage, Ihre Kosten genau zu kalkulieren.<\/p>\n<p>&nbsp;<\/p>\n","protected":false},"excerpt":{"rendered":"<p>Als moderne Kanzlei mit wirtschaftsrechtlichem Schwerpunkt beraten und vertreten wir mittelst\u00e4ndische Unternehmen, Selbst\u00e4ndige und wirtschaftlich aktive Privatpersonen in allen Fragen des Wirtschaftsrechts, Arbeitsrechts sowie Bau- und Immobilienrechts. Wir beraten und begleiten unsere Mandanten von der Existenzgr\u00fcndung an in allen Belangen ihres wirtschaftlichen Lebens. Da das Wirtschaftsrecht sehr umfangreich ist, liegen unsere Schwerpunkte in den f\u00fcr &hellip; <a href=\"http:\/\/www.werb-welter.de\/wordpress\/kanzleiprofil\/\" class=\"more-link\"><span class=\"screen-reader-text\">\u201eKanzleiprofil\u201c<\/span> weiterlesen<\/a><\/p>\n","protected":false},"author":1,"featured_media":0,"parent":0,"menu_order":0,"comment_status":"closed","ping_status":"closed","template":"page-header2.php","meta":[],"_links":{"self":[{"href":"http:\/\/www.werb-welter.de\/wordpress\/wp-json\/wp\/v2\/pages\/14"}],"collection":[{"href":"http:\/\/www.werb-welter.de\/wordpress\/wp-json\/wp\/v2\/pages"}],"about":[{"href":"http:\/\/www.werb-welter.de\/wordpress\/wp-json\/wp\/v2\/types\/page"}],"author":[{"embeddable":true,"href":"http:\/\/www.werb-welter.de\/wordpress\/wp-json\/wp\/v2\/users\/1"}],"replies":[{"embeddable":true,"href":"http:\/\/www.werb-welter.de\/wordpress\/wp-json\/wp\/v2\/comments?post=14"}],"version-history":[{"count":2,"href":"http:\/\/www.werb-welter.de\/wordpress\/wp-json\/wp\/v2\/pages\/14\/revisions"}],"predecessor-version":[{"id":40,"href":"http:\/\/www.werb-welter.de\/wordpress\/wp-json\/wp\/v2\/pages\/14\/revisions\/40"}],"wp:attachment":[{"href":"http:\/\/www.werb-welter.de\/wordpress\/wp-json\/wp\/v2\/media?parent=14"}],"curies":[{"name":"wp","href":"https:\/\/api.w.org\/{rel}","templated":true}]}}